{"id":178964,"date":"2022-06-21T10:33:25","date_gmt":"2022-06-21T07:33:25","guid":{"rendered":"https:\/\/lartusihome.com\/about-us\/"},"modified":"2024-09-19T18:53:27","modified_gmt":"2024-09-19T15:53:27","slug":"meist","status":"publish","type":"page","link":"https:\/\/lartusihome.com\/et\/meist\/","title":{"rendered":"Meist"},"content":{"rendered":"<h1><\/h1>\r\n\r\n<p><a href=\"\"><\/a>   <img decoding=\"async\" title=\"Lartusi About Us\" src=\"https:\/\/lartusihome.com\/wp-content\/uploads\/2022\/06\/Lartusi-About-Us.jpg\" alt=\"Lartusi About Us\" width=\"1921\" height=\"801\" \/>   <a href=\"\"><\/a> <img decoding=\"async\" title=\"Lartusi About Us\" src=\"https:\/\/lartusihome.com\/wp-content\/uploads\/2022\/06\/Lartusi-About-Us.jpg\" alt=\"Lartusi About Us\" width=\"1921\" height=\"801\" \/> <a href=\"\"> <\/a><\/p>\r\n\r\n<p><a href=\"\"><\/a><\/p>\r\n<hr \/>\r\n<p><a href=\"\"> <\/a><\/p>\r\n\r\n<p><a href=\"\"><\/a><\/p>\r\n<hr \/>\r\n<p><a href=\"\"> <\/a><\/p>\r\n\r\n<p><a href=\"\"><\/a><\/p>\r\n<hr \/>\r\n<p><a href=\"\"> <\/a><\/p>\r\n\r\n<p><a href=\"\"><\/a><\/p>\r\n<hr \/>\r\n<p><a href=\"\"> <\/a><\/p>\r\n\r\n<p><a href=\"\"><\/a><\/p>\r\n<hr \/>\r\n<p>&nbsp;<\/p>","protected":false},"excerpt":{"rendered":"<p>&nbsp;<\/p>\n","protected":false},"author":15,"featured_media":374670,"parent":0,"menu_order":0,"comment_status":"closed","ping_status":"closed","template":"","meta":{"_acf_changed":false,"inline_featured_image":false,"footnotes":""},"class_list":["post-178964","page","type-page","status-publish","has-post-thumbnail","hentry"],"acf":[],"yoast_head":"<!-- This site is optimized with the Yoast SEO plugin v25.6 - https:\/\/yoast.com\/wordpress\/plugins\/seo\/ -->\n<title>Meist - Lartusihome.com<\/title>\n<meta name=\"description\" content=\"Eesm\u00e4rgiga pakkuda eriilmelist ja esteetilist valikut, \u00fchiseks nimetajaks muutumatu kvaliteet, toome inimestele l\u00e4hemale kaubam\u00e4rke tervest maailmast.\" \/>\n<meta name=\"robots\" content=\"index, follow, max-snippet:-1, max-image-preview:large, max-video-preview:-1\" \/>\n<link rel=\"canonical\" href=\"https:\/\/lartusihome.com\/et\/meist\/\" \/>\n<meta property=\"og:locale\" content=\"et_EE\" \/>\n<meta property=\"og:type\" content=\"article\" \/>\n<meta property=\"og:title\" content=\"Meist - Lartusihome.com\" \/>\n<meta property=\"og:description\" content=\"Eesm\u00e4rgiga pakkuda eriilmelist ja esteetilist valikut, \u00fchiseks nimetajaks muutumatu kvaliteet, toome inimestele l\u00e4hemale kaubam\u00e4rke tervest maailmast.\" \/>\n<meta property=\"og:url\" content=\"https:\/\/lartusihome.com\/et\/meist\/\" \/>\n<meta property=\"og:site_name\" content=\"Lartusihome.com\" \/>\n<meta property=\"article:publisher\" content=\"https:\/\/www.facebook.com\/lartusihome\/\" \/>\n<meta property=\"article:modified_time\" content=\"2024-09-19T15:53:27+00:00\" \/>\n<meta property=\"og:image\" content=\"https:\/\/lartusihome.com\/wp-content\/uploads\/2024\/09\/lartusi-home-about-1-bw-min.jpg\" \/>\n\t<meta property=\"og:image:width\" content=\"2048\" \/>\n\t<meta property=\"og:image:height\" content=\"1466\" \/>\n\t<meta property=\"og:image:type\" content=\"image\/jpeg\" \/>\n<meta name=\"twitter:card\" content=\"summary_large_image\" \/>\n<meta name=\"twitter:label1\" content=\"Est. reading time\" \/>\n\t<meta name=\"twitter:data1\" content=\"1 minut\" \/>\n<script type=\"application\/ld+json\" class=\"yoast-schema-graph\">{\"@context\":\"https:\/\/schema.org\",\"@graph\":[{\"@type\":\"WebPage\",\"@id\":\"https:\/\/lartusihome.com\/et\/meist\/\",\"url\":\"https:\/\/lartusihome.com\/et\/meist\/\",\"name\":\"Meist - Lartusihome.com\",\"isPartOf\":{\"@id\":\"https:\/\/lartusihome.com\/et\/#website\"},\"primaryImageOfPage\":{\"@id\":\"https:\/\/lartusihome.com\/et\/meist\/#primaryimage\"},\"image\":{\"@id\":\"https:\/\/lartusihome.com\/et\/meist\/#primaryimage\"},\"thumbnailUrl\":\"https:\/\/lartusihome.com\/wp-content\/uploads\/2024\/09\/lartusi-home-about-1-bw-min.jpg\",\"datePublished\":\"2022-06-21T07:33:25+00:00\",\"dateModified\":\"2024-09-19T15:53:27+00:00\",\"description\":\"Eesm\u00e4rgiga pakkuda eriilmelist ja esteetilist valikut, \u00fchiseks nimetajaks muutumatu kvaliteet, toome inimestele l\u00e4hemale kaubam\u00e4rke tervest maailmast.\",\"breadcrumb\":{\"@id\":\"https:\/\/lartusihome.com\/et\/meist\/#breadcrumb\"},\"inLanguage\":\"et\",\"potentialAction\":[{\"@type\":\"ReadAction\",\"target\":[\"https:\/\/lartusihome.com\/et\/meist\/\"]}]},{\"@type\":\"ImageObject\",\"inLanguage\":\"et\",\"@id\":\"https:\/\/lartusihome.com\/et\/meist\/#primaryimage\",\"url\":\"https:\/\/lartusihome.com\/wp-content\/uploads\/2024\/09\/lartusi-home-about-1-bw-min.jpg\",\"contentUrl\":\"https:\/\/lartusihome.com\/wp-content\/uploads\/2024\/09\/lartusi-home-about-1-bw-min.jpg\",\"width\":2048,\"height\":1466},{\"@type\":\"BreadcrumbList\",\"@id\":\"https:\/\/lartusihome.com\/et\/meist\/#breadcrumb\",\"itemListElement\":[{\"@type\":\"ListItem\",\"position\":1,\"name\":\"Home\",\"item\":\"https:\/\/lartusihome.com\/et\/\"},{\"@type\":\"ListItem\",\"position\":2,\"name\":\"Meist\"}]},{\"@type\":\"WebSite\",\"@id\":\"https:\/\/lartusihome.com\/et\/#website\",\"url\":\"https:\/\/lartusihome.com\/et\/\",\"name\":\"Lartusihome.com\",\"description\":\"Kodu \/ sisustus\",\"potentialAction\":[{\"@type\":\"SearchAction\",\"target\":{\"@type\":\"EntryPoint\",\"urlTemplate\":\"https:\/\/lartusihome.com\/et\/?s={search_term_string}\"},\"query-input\":{\"@type\":\"PropertyValueSpecification\",\"valueRequired\":true,\"valueName\":\"search_term_string\"}}],\"inLanguage\":\"et\"}]}<\/script>\n<!-- \/ Yoast SEO plugin. -->","yoast_head_json":{"title":"Meist - Lartusihome.com","description":"Eesm\u00e4rgiga pakkuda eriilmelist ja esteetilist valikut, \u00fchiseks nimetajaks muutumatu kvaliteet, toome inimestele l\u00e4hemale kaubam\u00e4rke tervest maailmast.","robots":{"index":"index","follow":"follow","max-snippet":"max-snippet:-1","max-image-preview":"max-image-preview:large","max-video-preview":"max-video-preview:-1"},"canonical":"https:\/\/lartusihome.com\/et\/meist\/","og_locale":"et_EE","og_type":"article","og_title":"Meist - Lartusihome.com","og_description":"Eesm\u00e4rgiga pakkuda eriilmelist ja esteetilist valikut, \u00fchiseks nimetajaks muutumatu kvaliteet, toome inimestele l\u00e4hemale kaubam\u00e4rke tervest maailmast.","og_url":"https:\/\/lartusihome.com\/et\/meist\/","og_site_name":"Lartusihome.com","article_publisher":"https:\/\/www.facebook.com\/lartusihome\/","article_modified_time":"2024-09-19T15:53:27+00:00","og_image":[{"width":2048,"height":1466,"url":"https:\/\/lartusihome.com\/wp-content\/uploads\/2024\/09\/lartusi-home-about-1-bw-min.jpg","type":"image\/jpeg"}],"twitter_card":"summary_large_image","twitter_misc":{"Est. reading time":"1 minut"},"schema":{"@context":"https:\/\/schema.org","@graph":[{"@type":"WebPage","@id":"https:\/\/lartusihome.com\/et\/meist\/","url":"https:\/\/lartusihome.com\/et\/meist\/","name":"Meist - Lartusihome.com","isPartOf":{"@id":"https:\/\/lartusihome.com\/et\/#website"},"primaryImageOfPage":{"@id":"https:\/\/lartusihome.com\/et\/meist\/#primaryimage"},"image":{"@id":"https:\/\/lartusihome.com\/et\/meist\/#primaryimage"},"thumbnailUrl":"https:\/\/lartusihome.com\/wp-content\/uploads\/2024\/09\/lartusi-home-about-1-bw-min.jpg","datePublished":"2022-06-21T07:33:25+00:00","dateModified":"2024-09-19T15:53:27+00:00","description":"Eesm\u00e4rgiga pakkuda eriilmelist ja esteetilist valikut, \u00fchiseks nimetajaks muutumatu kvaliteet, toome inimestele l\u00e4hemale kaubam\u00e4rke tervest maailmast.","breadcrumb":{"@id":"https:\/\/lartusihome.com\/et\/meist\/#breadcrumb"},"inLanguage":"et","potentialAction":[{"@type":"ReadAction","target":["https:\/\/lartusihome.com\/et\/meist\/"]}]},{"@type":"ImageObject","inLanguage":"et","@id":"https:\/\/lartusihome.com\/et\/meist\/#primaryimage","url":"https:\/\/lartusihome.com\/wp-content\/uploads\/2024\/09\/lartusi-home-about-1-bw-min.jpg","contentUrl":"https:\/\/lartusihome.com\/wp-content\/uploads\/2024\/09\/lartusi-home-about-1-bw-min.jpg","width":2048,"height":1466},{"@type":"BreadcrumbList","@id":"https:\/\/lartusihome.com\/et\/meist\/#breadcrumb","itemListElement":[{"@type":"ListItem","position":1,"name":"Home","item":"https:\/\/lartusihome.com\/et\/"},{"@type":"ListItem","position":2,"name":"Meist"}]},{"@type":"WebSite","@id":"https:\/\/lartusihome.com\/et\/#website","url":"https:\/\/lartusihome.com\/et\/","name":"Lartusihome.com","description":"Kodu \/ sisustus","potentialAction":[{"@type":"SearchAction","target":{"@type":"EntryPoint","urlTemplate":"https:\/\/lartusihome.com\/et\/?s={search_term_string}"},"query-input":{"@type":"PropertyValueSpecification","valueRequired":true,"valueName":"search_term_string"}}],"inLanguage":"et"}]}},"_links":{"self":[{"href":"https:\/\/lartusihome.com\/et\/wp-json\/wp\/v2\/pages\/178964"}],"collection":[{"href":"https:\/\/lartusihome.com\/et\/wp-json\/wp\/v2\/pages"}],"about":[{"href":"https:\/\/lartusihome.com\/et\/wp-json\/wp\/v2\/types\/page"}],"author":[{"embeddable":true,"href":"https:\/\/lartusihome.com\/et\/wp-json\/wp\/v2\/users\/15"}],"replies":[{"embeddable":true,"href":"https:\/\/lartusihome.com\/et\/wp-json\/wp\/v2\/comments?post=178964"}],"version-history":[{"count":3,"href":"https:\/\/lartusihome.com\/et\/wp-json\/wp\/v2\/pages\/178964\/revisions"}],"predecessor-version":[{"id":374674,"href":"https:\/\/lartusihome.com\/et\/wp-json\/wp\/v2\/pages\/178964\/revisions\/374674"}],"wp:featuredmedia":[{"embeddable":true,"href":"https:\/\/lartusihome.com\/et\/wp-json\/wp\/v2\/media\/374670"}],"wp:attachment":[{"href":"https:\/\/lartusihome.com\/et\/wp-json\/wp\/v2\/media?parent=178964"}],"curies":[{"name":"wp","href":"https:\/\/api.w.org\/{rel}","templated":true}]}}